{"id":914,"date":"2025-07-31T07:19:22","date_gmt":"2025-07-31T07:19:22","guid":{"rendered":"https:\/\/padelperformancecenter.com\/parcpraden\/?page_id=914"},"modified":"2025-09-09T08:18:12","modified_gmt":"2025-09-09T08:18:12","slug":"tournoi-evenements-de-padel-marguerittes","status":"publish","type":"page","link":"https:\/\/padelperformancecenter.com\/parcpraden\/tournoi-evenements-de-padel-marguerittes\/","title":{"rendered":"Tournoi"},"content":{"rendered":"\t\t<div data-elementor-type=\"wp-page\" data-elementor-id=\"914\" class=\"elementor elementor-914\" data-elementor-post-type=\"page\">\n\t\t\t\t\t\t<div class=\"elementor-element elementor-element-850612e e-con e-atomic-element e-div-block-base page-wrapper\" data-id=\"850612e\" data-element_type=\"e-div-block\" data-e-type=\"e-div-block\" data-interaction-id=\"850612e\" data-e-type=\"e-div-block\" data-id=\"850612e\">\n\t\t\t\t<div class=\"elementor-element elementor-element-ea7aac2 e-con e-atomic-element e-div-block-base main-wrapper\" data-id=\"ea7aac2\" data-element_type=\"e-div-block\" data-e-type=\"e-div-block\" data-interaction-id=\"ea7aac2\" data-e-type=\"e-div-block\" data-id=\"ea7aac2\">\n\t\t\t\t<div class=\"elementor-element elementor-element-8ca49a3 e-con e-atomic-element e-div-block-base section e-8ca49a3-20d4b5a\" data-id=\"8ca49a3\" data-element_type=\"e-div-block\" data-e-type=\"e-div-block\" data-interaction-id=\"8ca49a3\" data-e-type=\"e-div-block\" data-id=\"8ca49a3\">\n\t\t\t\t<div class=\"elementor-element elementor-element-2701be8 e-con e-atomic-element e-div-block-base padding-global\" data-id=\"2701be8\" data-element_type=\"e-div-block\" data-e-type=\"e-div-block\" data-interaction-id=\"2701be8\" data-e-type=\"e-div-block\" data-id=\"2701be8\">\n\t\t\t\t<div class=\"elementor-element elementor-element-1d2e0d6 e-con e-atomic-element e-div-block-base container-medium\" data-id=\"1d2e0d6\" data-element_type=\"e-div-block\" data-e-type=\"e-div-block\" data-interaction-id=\"1d2e0d6\" data-e-type=\"e-div-block\" data-id=\"1d2e0d6\">\n\t\t\t\t<div class=\"elementor-element elementor-element-bfe0d70 e-con e-atomic-element e-div-block-base e-bfe0d70-1239c4d\" data-id=\"bfe0d70\" data-element_type=\"e-div-block\" data-e-type=\"e-div-block\" data-interaction-id=\"bfe0d70\" data-e-type=\"e-div-block\" data-id=\"bfe0d70\">\n\t\t\t\t<div class=\"elementor-element elementor-element-7dcf5fb elementor-widget elementor-widget-heading\" data-id=\"7dcf5fb\" data-element_type=\"widget\" data-e-type=\"widget\" data-widget_type=\"heading.default\">\n\t\t\t\t<div class=\"elementor-widget-container\">\n\t\t\t\t\t<h2 class=\"elementor-heading-title elementor-size-default\">Tournois &amp; <span style=\"color: #E6FB61\">\u00c9v\u00e9nements<\/h2>\t\t\t\t<\/div>\n\t\t\t\t<\/div>\n\t\t\t\t<div class=\"elementor-element elementor-element-f6c6406 elementor-widget elementor-widget-text-editor\" data-id=\"f6c6406\" data-element_type=\"widget\" data-e-type=\"widget\" data-widget_type=\"text-editor.default\">\n\t\t\t\t<div class=\"elementor-widget-container\">\n\t\t\t\t\t\t\t\t\t<p><span style=\"white-space-collapse: preserve;\">Rejoignez nos tournois m\u00eal\u00e9s et comp\u00e9titifs, ouverts \u00e0 tous les profils. Chaque semaine, vivez<br \/><\/span><span style=\"font-size: 1em; letter-spacing: 0em; white-space-collapse: preserve;\">l&rsquo;esprit du club autour de formats ludiques, anim\u00e9s et accessibles, quel que soit votre niveau.<\/span><\/p>\t\t\t\t\t\t\t\t<\/div>\n\t\t\t\t<\/div>\n\t\t\t\t<\/div>\n\t\t\t\t<\/div>\n\t\t\t\t<\/div>\n\t\t\t\t<\/div>\n\t\t\t\t<div class=\"elementor-element elementor-element-ba7e30c e-con e-atomic-element e-div-block-base e-ba7e30c-bb80568\" data-id=\"ba7e30c\" data-element_type=\"e-div-block\" data-e-type=\"e-div-block\" data-interaction-id=\"ba7e30c\" data-e-type=\"e-div-block\" data-id=\"ba7e30c\">\n\t\t\t\t<div class=\"elementor-element elementor-element-430608b e-con e-atomic-element e-div-block-base padding-global\" data-id=\"430608b\" data-element_type=\"e-div-block\" data-e-type=\"e-div-block\" data-interaction-id=\"430608b\" data-e-type=\"e-div-block\" data-id=\"430608b\">\n\t\t\t\t<div class=\"elementor-element elementor-element-1c13de3 e-con e-atomic-element e-div-block-base container-medium\" data-id=\"1c13de3\" data-element_type=\"e-div-block\" data-e-type=\"e-div-block\" data-interaction-id=\"1c13de3\" data-e-type=\"e-div-block\" data-id=\"1c13de3\">\n\t\t<div class=\"elementor-element elementor-element-238c668 e-grid e-con-boxed e-con e-parent\" data-id=\"238c668\" data-element_type=\"container\" data-e-type=\"container\">\n\t\t\t\t\t<div class=\"e-con-inner\">\n\t\t\t\t<div class=\"elementor-element elementor-element-d957154 elementor-widget__width-inherit elementor-widget elementor-widget-image\" data-id=\"d957154\" data-element_type=\"widget\" data-e-type=\"widget\" data-widget_type=\"image.default\">\n\t\t\t\t<div class=\"elementor-widget-container\">\n\t\t\t\t\t\t\t\t\t\t\t\t\t\t\t<img alt=\"\" fetchpriority=\"high\" decoding=\"async\" width=\"632\" height=\"640\" src=\"https:\/\/padelperformancecenter.com\/parcpraden\/wp-content\/uploads\/2025\/07\/homme-tournoi_resultat.webp\" class=\"attachment-large size-large wp-image-926\" alt=\"\" srcset=\"https:\/\/padelperformancecenter.com\/parcpraden\/wp-content\/uploads\/2025\/07\/homme-tournoi_resultat.webp 632w, https:\/\/padelperformancecenter.com\/parcpraden\/wp-content\/uploads\/2025\/07\/homme-tournoi_resultat-296x300.webp 296w\" sizes=\"(max-width: 632px) 100vw, 632px\" \/>\t\t\t\t\t\t\t\t\t\t\t\t\t\t\t<\/div>\n\t\t\t\t<\/div>\n\t\t\t\t<div class=\"elementor-element elementor-element-251369b e-con e-atomic-element e-div-block-base e-251369b-6cf80a5 block32px\" data-id=\"251369b\" data-element_type=\"e-div-block\" data-e-type=\"e-div-block\" data-interaction-id=\"251369b\" data-e-type=\"e-div-block\" data-id=\"251369b\">\n\t\t\t\t<div class=\"elementor-element elementor-element-77e6c58 elementor-widget elementor-widget-heading\" data-id=\"77e6c58\" data-element_type=\"widget\" data-e-type=\"widget\" data-widget_type=\"heading.default\">\n\t\t\t\t<div class=\"elementor-widget-container\">\n\t\t\t\t\t<h2 class=\"elementor-heading-title elementor-size-default\">Tournoi M\u00eal\u00e9e du lundi soir<\/h2>\t\t\t\t<\/div>\n\t\t\t\t<\/div>\n\t\t\t\t<div class=\"elementor-element elementor-element-1e8ab56 elementor-widget elementor-widget-text-editor\" data-id=\"1e8ab56\" data-element_type=\"widget\" data-e-type=\"widget\" data-widget_type=\"text-editor.default\">\n\t\t\t\t<div class=\"elementor-widget-container\">\n\t\t\t\t\t\t\t\t\t<p>Envie de jouer sans pression, de rencontrer du monde et de passer une super soir\u00e9e ? Rejoins notre tournoi \u00e0 la m\u00eal\u00e9e, le format parfait pour m\u00e9langer tous les niveaux et vivre l\u2019esprit du club \u00e0 fond !<\/p>\t\t\t\t\t\t\t\t<\/div>\n\t\t\t\t<\/div>\n\t\t\t\t<div class=\"elementor-element elementor-element-f0e4f53 e-con e-atomic-element e-div-block-base e-f0e4f53-eaa67e0 bloc8px\" data-id=\"f0e4f53\" data-element_type=\"e-div-block\" data-e-type=\"e-div-block\" data-interaction-id=\"f0e4f53\" data-e-type=\"e-div-block\" data-id=\"f0e4f53\">\n\t\t\t\t<div class=\"elementor-element elementor-element-b97f1d1 elementor-widget elementor-widget-heading\" data-id=\"b97f1d1\" data-element_type=\"widget\" data-e-type=\"widget\" data-widget_type=\"heading.default\">\n\t\t\t\t<div class=\"elementor-widget-container\">\n\t\t\t\t\t<h2 class=\"elementor-heading-title elementor-size-default\"><b>Ce qui est inclus :<\/b><\/h2>\t\t\t\t<\/div>\n\t\t\t\t<\/div>\n\t\t\t\t<div class=\"elementor-element elementor-element-c817935 elementor-widget elementor-widget-text-editor\" data-id=\"c817935\" data-element_type=\"widget\" data-e-type=\"widget\" data-widget_type=\"text-editor.default\">\n\t\t\t\t<div class=\"elementor-widget-container\">\n\t\t\t\t\t\t\t\t\t<ul>\n<li>40 participants, format m\u00eal\u00e9e<\/li>\n<li>Niveau libre \u00e0 partir de 1 (bar\u00e8me<i> <\/i>fran\u00e7ais) ou 0.5 (Playtomic)<\/li>\n<li>Boisson offerte \u00e0 chaque participant en fin de m\u00eal\u00e9e<\/li>\n<li>Ambiance garantie, jeu sans pression, rires et convivialit\u00e9<\/li>\n<\/ul>\t\t\t\t\t\t\t\t<\/div>\n\t\t\t\t<\/div>\n\t\t\t\t<\/div>\n\t\t\t\t<div class=\"elementor-element elementor-element-0bbe73a e-con e-atomic-element e-div-block-base e-0bbe73a-cd94236 bloc8px\" data-id=\"0bbe73a\" data-element_type=\"e-div-block\" data-e-type=\"e-div-block\" data-interaction-id=\"0bbe73a\" data-e-type=\"e-div-block\" data-id=\"0bbe73a\">\n\t\t\t\t<div class=\"elementor-element elementor-element-12efb81 elementor-widget elementor-widget-heading\" data-id=\"12efb81\" data-element_type=\"widget\" data-e-type=\"widget\" data-widget_type=\"heading.default\">\n\t\t\t\t<div class=\"elementor-widget-container\">\n\t\t\t\t\t<h2 class=\"elementor-heading-title elementor-size-default\"><b>Pour qui ?<\/b><\/h2>\t\t\t\t<\/div>\n\t\t\t\t<\/div>\n\t\t\t\t<div class=\"elementor-element elementor-element-6d38bce elementor-widget elementor-widget-text-editor\" data-id=\"6d38bce\" data-element_type=\"widget\" data-e-type=\"widget\" data-widget_type=\"text-editor.default\">\n\t\t\t\t<div class=\"elementor-widget-container\">\n\t\t\t\t\t\t\t\t\t<p>Tous les niveaux \u2013 comp\u00e9titeurs ou joueurs loisirs. Que tu sois d\u00e9butant ou exp\u00e9riment\u00e9, tu es le bienvenu !<\/p>\t\t\t\t\t\t\t\t<\/div>\n\t\t\t\t<\/div>\n\t\t\t\t<div class=\"elementor-element elementor-element-5107db1 elementor-widget elementor-widget-heading\" data-id=\"5107db1\" data-element_type=\"widget\" data-e-type=\"widget\" data-widget_type=\"heading.default\">\n\t\t\t\t<div class=\"elementor-widget-container\">\n\t\t\t\t\t<h2 class=\"elementor-heading-title elementor-size-default\">Prix d\u2019inscription 15\u20ac<\/h2>\t\t\t\t<\/div>\n\t\t\t\t<\/div>\n\t\t\t\t<\/div>\n\t\t\t\t<div class=\"elementor-element elementor-element-8a8e8cd elementor-widget elementor-widget-button\" data-id=\"8a8e8cd\" data-element_type=\"widget\" data-e-type=\"widget\" data-widget_type=\"button.default\">\n\t\t\t\t<div class=\"elementor-widget-container\">\n\t\t\t\t\t\t\t\t\t<div class=\"elementor-button-wrapper\">\n\t\t\t\t\t<a class=\"elementor-button elementor-button-link elementor-size-sm elementor-animation-float\" href=\"#elementor-action%3Aaction%3Dpopup%3Aopen%26settings%3DeyJpZCI6IjEzMCIsInRvZ2dsZSI6ZmFsc2V9\">\n\t\t\t\t\t\t<span class=\"elementor-button-content-wrapper\">\n\t\t\t\t\t\t\t\t\t<span class=\"elementor-button-text\">S\u2019inscrire au tournoi<\/span>\n\t\t\t\t\t<\/span>\n\t\t\t\t\t<\/a>\n\t\t\t\t<\/div>\n\t\t\t\t\t\t\t\t<\/div>\n\t\t\t\t<\/div>\n\t\t\t\t<\/div>\n\t\t\t\t\t<\/div>\n\t\t\t\t<\/div>\n\t\t\t\t<\/div>\n\t\t\t\t<\/div>\n\t\t\t\t<\/div>\n\t\t\t\t<div class=\"elementor-element elementor-element-2068f52 e-con e-atomic-element e-div-block-base e-2068f52-9929ceb section\" data-id=\"2068f52\" data-element_type=\"e-div-block\" data-e-type=\"e-div-block\" data-interaction-id=\"2068f52\" data-e-type=\"e-div-block\" data-id=\"2068f52\">\n\t\t\t\t<div class=\"elementor-element elementor-element-540c2be e-con e-atomic-element e-div-block-base padding-global\" data-id=\"540c2be\" data-element_type=\"e-div-block\" data-e-type=\"e-div-block\" data-interaction-id=\"540c2be\" data-e-type=\"e-div-block\" data-id=\"540c2be\">\n\t\t\t\t<div class=\"elementor-element elementor-element-089248f e-con e-atomic-element e-div-block-base container-medium\" data-id=\"089248f\" data-element_type=\"e-div-block\" data-e-type=\"e-div-block\" data-interaction-id=\"089248f\" data-e-type=\"e-div-block\" data-id=\"089248f\">\n\t\t\t\t<div class=\"elementor-element elementor-element-5532341 e-con e-atomic-element e-div-block-base e-5532341-c5d21b4\" data-id=\"5532341\" data-element_type=\"e-div-block\" data-e-type=\"e-div-block\" data-interaction-id=\"5532341\" data-e-type=\"e-div-block\" data-id=\"5532341\">\n\t\t<div class=\"elementor-element elementor-element-5bce8a0 e-grid e-con-full e-con e-parent\" data-id=\"5bce8a0\" data-element_type=\"container\" data-e-type=\"container\">\n\t\t\t\t<div class=\"elementor-element elementor-element-4681549 e-con e-atomic-element e-div-block-base e-4681549-03071ee\" data-id=\"4681549\" data-element_type=\"e-div-block\" data-e-type=\"e-div-block\" data-interaction-id=\"4681549\" data-e-type=\"e-div-block\" data-id=\"4681549\">\n\t\t\t\t<div class=\"elementor-element elementor-element-eedc05e elementor-widget elementor-widget-heading\" data-id=\"eedc05e\" data-element_type=\"widget\" data-e-type=\"widget\" data-widget_type=\"heading.default\">\n\t\t\t\t<div class=\"elementor-widget-container\">\n\t\t\t\t\t<h2 class=\"elementor-heading-title elementor-size-default\">D\u00e9couvrez nos cours de padel pour <span style=\"color: #0063B2\"> tous les niveaux<\/h2>\t\t\t\t<\/div>\n\t\t\t\t<\/div>\n\t\t\t\t<div class=\"elementor-element elementor-element-0f2fa54 elementor-widget elementor-widget-text-editor\" data-id=\"0f2fa54\" data-element_type=\"widget\" data-e-type=\"widget\" data-widget_type=\"text-editor.default\">\n\t\t\t\t<div class=\"elementor-widget-container\">\n\t\t\t\t\t\t\t\t\t<p>Des premiers \u00e9changes aux matchs les plus tactiques, notre acad\u00e9mie propose des cours encadr\u00e9s par des coachs dipl\u00f4m\u00e9s, toute l\u2019ann\u00e9e. En petits groupes ou en individuel, enfants comme adultes progressent dans un cadre structur\u00e9 et motivant.<\/p>\t\t\t\t\t\t\t\t<\/div>\n\t\t\t\t<\/div>\n\t\t\t\t<div class=\"elementor-element elementor-element-106ac5e elementor-widget elementor-widget-button\" data-id=\"106ac5e\" data-element_type=\"widget\" data-e-type=\"widget\" data-widget_type=\"button.default\">\n\t\t\t\t<div class=\"elementor-widget-container\">\n\t\t\t\t\t\t\t\t\t<div class=\"elementor-button-wrapper\">\n\t\t\t\t\t<a class=\"elementor-button elementor-button-link elementor-size-sm elementor-animation-float\" href=\"https:\/\/padelperformancecenter.com\/parcpraden\/cours-de-padel-marguerittes\/\">\n\t\t\t\t\t\t<span class=\"elementor-button-content-wrapper\">\n\t\t\t\t\t\t\t\t\t<span class=\"elementor-button-text\">Voir les formules de cours<\/span>\n\t\t\t\t\t<\/span>\n\t\t\t\t\t<\/a>\n\t\t\t\t<\/div>\n\t\t\t\t\t\t\t\t<\/div>\n\t\t\t\t<\/div>\n\t\t\t\t<\/div>\n\t\t\t\t<div class=\"elementor-element elementor-element-65ef40f elementor-widget elementor-widget-image\" data-id=\"65ef40f\" data-element_type=\"widget\" data-e-type=\"widget\" data-widget_type=\"image.default\">\n\t\t\t\t<div class=\"elementor-widget-container\">\n\t\t\t\t\t\t\t\t\t\t\t\t\t\t\t<img alt=\"\" decoding=\"async\" width=\"800\" height=\"509\" src=\"https:\/\/padelperformancecenter.com\/parcpraden\/wp-content\/uploads\/2025\/07\/cours-padel_resultat-1024x651.webp\" class=\"attachment-large size-large wp-image-878\" alt=\"\" srcset=\"https:\/\/padelperformancecenter.com\/parcpraden\/wp-content\/uploads\/2025\/07\/cours-padel_resultat-1024x651.webp 1024w, https:\/\/padelperformancecenter.com\/parcpraden\/wp-content\/uploads\/2025\/07\/cours-padel_resultat-300x191.webp 300w, https:\/\/padelperformancecenter.com\/parcpraden\/wp-content\/uploads\/2025\/07\/cours-padel_resultat-768x489.webp 768w, https:\/\/padelperformancecenter.com\/parcpraden\/wp-content\/uploads\/2025\/07\/cours-padel_resultat.webp 1418w\" sizes=\"(max-width: 800px) 100vw, 800px\" \/>\t\t\t\t\t\t\t\t\t\t\t\t\t\t\t<\/div>\n\t\t\t\t<\/div>\n\t\t\t\t<\/div>\n\t\t\t\t<\/div>\n\t\t\t\t<\/div>\n\t\t\t\t<\/div>\n\t\t\t\t<\/div>\n\t\t\t\t<\/div>\n\t\t\t\t<\/div>\n\t\t\t\t<\/div>\n\t\t","protected":false},"excerpt":{"rendered":"<p>Tournois &amp; \u00c9v\u00e9nements Rejoignez nos tournois m\u00eal\u00e9s et comp\u00e9titifs, ouverts \u00e0 tous les profils. Chaque semaine, vivezl&rsquo;esprit du club autour de formats ludiques, anim\u00e9s et accessibles, quel que soit votre niveau. Tournoi M\u00eal\u00e9e du lundi soir Envie de jouer sans pression, de rencontrer du monde et de passer une super soir\u00e9e ? Rejoins notre tournoi [&hellip;]<\/p>\n","protected":false},"author":1,"featured_media":0,"parent":0,"menu_order":0,"comment_status":"closed","ping_status":"closed","template":"elementor_header_footer","meta":{"_seopress_robots_primary_cat":"","_seopress_titles_title":"Tournois de padel \u00e0 Marguerittes, pr\u00e8s de N\u00eemes | Padel Performance Center","_seopress_titles_desc":"Participez aux tournois de padel du Parc Praden \u00e0 Marguerittes, pr\u00e8s de N\u00eemes : m\u00eal\u00e9es conviviales, comp\u00e9titions et soir\u00e9es sportives. Inscription simple et rapide en ligne ou via l\u2019app.","_seopress_robots_index":"","footnotes":""},"class_list":["post-914","page","type-page","status-publish","hentry"],"_links":{"self":[{"href":"https:\/\/padelperformancecenter.com\/parcpraden\/wp-json\/wp\/v2\/pages\/914","targetHints":{"allow":["GET"]}}],"collection":[{"href":"https:\/\/padelperformancecenter.com\/parcpraden\/wp-json\/wp\/v2\/pages"}],"about":[{"href":"https:\/\/padelperformancecenter.com\/parcpraden\/wp-json\/wp\/v2\/types\/page"}],"author":[{"embeddable":true,"href":"https:\/\/padelperformancecenter.com\/parcpraden\/wp-json\/wp\/v2\/users\/1"}],"replies":[{"embeddable":true,"href":"https:\/\/padelperformancecenter.com\/parcpraden\/wp-json\/wp\/v2\/comments?post=914"}],"version-history":[{"count":26,"href":"https:\/\/padelperformancecenter.com\/parcpraden\/wp-json\/wp\/v2\/pages\/914\/revisions"}],"predecessor-version":[{"id":1317,"href":"https:\/\/padelperformancecenter.com\/parcpraden\/wp-json\/wp\/v2\/pages\/914\/revisions\/1317"}],"wp:attachment":[{"href":"https:\/\/padelperformancecenter.com\/parcpraden\/wp-json\/wp\/v2\/media?parent=914"}],"curies":[{"name":"wp","href":"https:\/\/api.w.org\/{rel}","templated":true}]}}