{"id":65,"date":"2025-03-31T13:04:54","date_gmt":"2025-03-31T13:04:54","guid":{"rendered":"https:\/\/padelperformancecenter.com\/parcpraden\/?page_id=65"},"modified":"2025-03-31T13:06:55","modified_gmt":"2025-03-31T13:06:55","slug":"mentions-legales","status":"publish","type":"page","link":"https:\/\/padelperformancecenter.com\/parcpraden\/mentions-legales\/","title":{"rendered":"Mentions l\u00e9gales"},"content":{"rendered":"\t\t<div data-elementor-type=\"wp-page\" data-elementor-id=\"65\" class=\"elementor elementor-65\" data-elementor-post-type=\"page\">\n\t\t\t\t<div class=\"elementor-element elementor-element-9ec5ef3 e-flex e-con-boxed e-con e-parent\" data-id=\"9ec5ef3\" data-element_type=\"container\" data-e-type=\"container\" data-settings=\"{&quot;background_background&quot;:&quot;classic&quot;}\">\n\t\t\t\t\t<div class=\"e-con-inner\">\n\t\t\t\t<div class=\"elementor-element elementor-element-fed92a2 elementor-widget elementor-widget-heading\" data-id=\"fed92a2\" data-element_type=\"widget\" data-e-type=\"widget\" data-widget_type=\"heading.default\">\n\t\t\t\t<div class=\"elementor-widget-container\">\n\t\t\t\t\t<h1 class=\"elementor-heading-title elementor-size-default\">Mentions l\u00e9gales<\/h1>\t\t\t\t<\/div>\n\t\t\t\t<\/div>\n\t\t\t\t\t<\/div>\n\t\t\t\t<\/div>\n\t\t<div class=\"elementor-element elementor-element-d5c5c10 e-flex e-con-boxed e-con e-parent\" data-id=\"d5c5c10\" data-element_type=\"container\" data-e-type=\"container\">\n\t\t\t\t\t<div class=\"e-con-inner\">\n\t\t<div class=\"elementor-element elementor-element-b8b4be2 e-con-full e-flex e-con e-child\" data-id=\"b8b4be2\" data-element_type=\"container\" data-e-type=\"container\">\n\t\t\t\t<div class=\"elementor-element elementor-element-b36d290 elementor-widget elementor-widget-heading\" data-id=\"b36d290\" data-element_type=\"widget\" data-e-type=\"widget\" data-widget_type=\"heading.default\">\n\t\t\t\t<div class=\"elementor-widget-container\">\n\t\t\t\t\t<h3 class=\"elementor-heading-title elementor-size-default\">\u00c9diteur du site<\/h3>\t\t\t\t<\/div>\n\t\t\t\t<\/div>\n\t\t\t\t<div class=\"elementor-element elementor-element-400fcd2 elementor-widget elementor-widget-text-editor\" data-id=\"400fcd2\" data-element_type=\"widget\" data-e-type=\"widget\" data-widget_type=\"text-editor.default\">\n\t\t\t\t<div class=\"elementor-widget-container\">\n\t\t\t\t\t\t\t\t\t<p>Propri\u00e9taire :\u00a0<\/p><p>Si\u00e8ge social :<\/p><p>Num\u00e9ro de t\u00e9l\u00e9phone :<\/p><p>Adresse e-mail :<\/p><p>Capital social :<\/p><p>Num\u00e9ro d&rsquo;immatriculation :<\/p><p>Num\u00e9ro de TVA :<\/p>\t\t\t\t\t\t\t\t<\/div>\n\t\t\t\t<\/div>\n\t\t\t\t<\/div>\n\t\t<div class=\"elementor-element elementor-element-e6ad655 e-con-full e-flex e-con e-child\" data-id=\"e6ad655\" data-element_type=\"container\" data-e-type=\"container\">\n\t\t\t\t<div class=\"elementor-element elementor-element-08fec3c elementor-widget elementor-widget-heading\" data-id=\"08fec3c\" data-element_type=\"widget\" data-e-type=\"widget\" data-widget_type=\"heading.default\">\n\t\t\t\t<div class=\"elementor-widget-container\">\n\t\t\t\t\t<h3 class=\"elementor-heading-title elementor-size-default\">H\u00e9bergeur du site<\/h3>\t\t\t\t<\/div>\n\t\t\t\t<\/div>\n\t\t\t\t<div class=\"elementor-element elementor-element-89bcfac elementor-widget elementor-widget-text-editor\" data-id=\"89bcfac\" data-element_type=\"widget\" data-e-type=\"widget\" data-widget_type=\"text-editor.default\">\n\t\t\t\t<div class=\"elementor-widget-container\">\n\t\t\t\t\t\t\t\t\t<p>Raison sociale :<\/p><p>Si\u00e8ge social :<\/p><p>Contact :<\/p>\t\t\t\t\t\t\t\t<\/div>\n\t\t\t\t<\/div>\n\t\t\t\t<\/div>\n\t\t\t\t\t<\/div>\n\t\t\t\t<\/div>\n\t\t<div class=\"elementor-element elementor-element-0b8418c e-flex e-con-boxed e-con e-parent\" data-id=\"0b8418c\" data-element_type=\"container\" data-e-type=\"container\">\n\t\t\t\t\t<div class=\"e-con-inner\">\n\t\t\t\t<div class=\"elementor-element elementor-element-8d46bcf elementor-widget elementor-widget-heading\" data-id=\"8d46bcf\" data-element_type=\"widget\" data-e-type=\"widget\" data-widget_type=\"heading.default\">\n\t\t\t\t<div class=\"elementor-widget-container\">\n\t\t\t\t\t<h3 class=\"elementor-heading-title elementor-size-default\">Propri\u00e9t\u00e9 intellectuelle<\/h3>\t\t\t\t<\/div>\n\t\t\t\t<\/div>\n\t\t\t\t<div class=\"elementor-element elementor-element-0967893 elementor-widget elementor-widget-text-editor\" data-id=\"0967893\" data-element_type=\"widget\" data-e-type=\"widget\" data-widget_type=\"text-editor.default\">\n\t\t\t\t<div class=\"elementor-widget-container\">\n\t\t\t\t\t\t\t\t\t<p>L\u2019ensemble du contenu pr\u00e9sent sur ce site (textes, images, logos, vid\u00e9os, graphismes, etc.) est prot\u00e9g\u00e9 par le droit de la propri\u00e9t\u00e9 intellectuelle et est la propri\u00e9t\u00e9 exclusive de la SAS Parc Praden, sauf mention contraire. Toute reproduction, distribution ou modification, m\u00eame partielle, sans autorisation \u00e9crite pr\u00e9alable, est strictement interdite et peut faire l\u2019objet de poursuites judiciaires.<\/p>\t\t\t\t\t\t\t\t<\/div>\n\t\t\t\t<\/div>\n\t\t\t\t\t<\/div>\n\t\t\t\t<\/div>\n\t\t\t\t<\/div>\n\t\t","protected":false},"excerpt":{"rendered":"<p>Mentions l\u00e9gales \u00c9diteur du site Propri\u00e9taire :\u00a0 Si\u00e8ge social : Num\u00e9ro de t\u00e9l\u00e9phone : Adresse e-mail : Capital social : Num\u00e9ro d&rsquo;immatriculation : Num\u00e9ro de TVA : H\u00e9bergeur du site Raison sociale : Si\u00e8ge social : Contact : Propri\u00e9t\u00e9 intellectuelle L\u2019ensemble du contenu pr\u00e9sent sur ce site (textes, images, logos, vid\u00e9os, graphismes, etc.) est prot\u00e9g\u00e9 [&hellip;]<\/p>\n","protected":false},"author":1,"featured_media":0,"parent":0,"menu_order":0,"comment_status":"closed","ping_status":"closed","template":"","meta":{"_seopress_robots_primary_cat":"","_seopress_titles_title":"","_seopress_titles_desc":"","_seopress_robots_index":"","footnotes":""},"class_list":["post-65","page","type-page","status-publish","hentry"],"_links":{"self":[{"href":"https:\/\/padelperformancecenter.com\/parcpraden\/wp-json\/wp\/v2\/pages\/65","targetHints":{"allow":["GET"]}}],"collection":[{"href":"https:\/\/padelperformancecenter.com\/parcpraden\/wp-json\/wp\/v2\/pages"}],"about":[{"href":"https:\/\/padelperformancecenter.com\/parcpraden\/wp-json\/wp\/v2\/types\/page"}],"author":[{"embeddable":true,"href":"https:\/\/padelperformancecenter.com\/parcpraden\/wp-json\/wp\/v2\/users\/1"}],"replies":[{"embeddable":true,"href":"https:\/\/padelperformancecenter.com\/parcpraden\/wp-json\/wp\/v2\/comments?post=65"}],"version-history":[{"count":4,"href":"https:\/\/padelperformancecenter.com\/parcpraden\/wp-json\/wp\/v2\/pages\/65\/revisions"}],"predecessor-version":[{"id":69,"href":"https:\/\/padelperformancecenter.com\/parcpraden\/wp-json\/wp\/v2\/pages\/65\/revisions\/69"}],"wp:attachment":[{"href":"https:\/\/padelperformancecenter.com\/parcpraden\/wp-json\/wp\/v2\/media?parent=65"}],"curies":[{"name":"wp","href":"https:\/\/api.w.org\/{rel}","templated":true}]}}