{"id":1836,"date":"2025-10-28T13:14:25","date_gmt":"2025-10-28T13:14:25","guid":{"rendered":"https:\/\/padelperformancecenter.com\/parcpraden\/?page_id=1836"},"modified":"2025-10-28T13:22:33","modified_gmt":"2025-10-28T13:22:33","slug":"blog-padel-nimes","status":"publish","type":"page","link":"https:\/\/padelperformancecenter.com\/parcpraden\/blog-padel-nimes\/","title":{"rendered":"Blog"},"content":{"rendered":"\t\t<div data-elementor-type=\"wp-page\" data-elementor-id=\"1836\" class=\"elementor elementor-1836\" data-elementor-post-type=\"page\">\n\t\t\t\t<div class=\"elementor-element elementor-element-5f1ba975 e-flex e-con-boxed e-con e-parent\" data-id=\"5f1ba975\" data-element_type=\"container\" data-e-type=\"container\" data-settings=\"{&quot;background_background&quot;:&quot;classic&quot;}\">\n\t\t\t\t\t<div class=\"e-con-inner\">\n\t\t\t\t<div class=\"elementor-element elementor-element-44130fe elementor-widget elementor-widget-heading\" data-id=\"44130fe\" data-element_type=\"widget\" data-e-type=\"widget\" data-widget_type=\"heading.default\">\n\t\t\t\t<div class=\"elementor-widget-container\">\n\t\t\t\t\t<h1 class=\"elementor-heading-title elementor-size-default\">L\u2019actualit\u00e9 du <span style=\"color: #E6FB61\"> Padel Performace Center<br> Parc Praden <\/h1>\t\t\t\t<\/div>\n\t\t\t\t<\/div>\n\t\t\t\t<div class=\"elementor-element elementor-element-495291b7 elementor-widget__width-inherit elementor-widget elementor-widget-text-editor\" data-id=\"495291b7\" data-element_type=\"widget\" data-e-type=\"widget\" data-widget_type=\"text-editor.default\">\n\t\t\t\t<div class=\"elementor-widget-container\">\n\t\t\t\t\t\t\t\t\t<p>Plongez dans toute l\u2019actu du padel \u00e0 Marguerittes !\u2028 Tournois, stages, conseils de jeu, vie du club et coulisses du Parc Praden : retrouvez ici les histoires qui font vibrer la communaut\u00e9 padel de N\u00eemes et du Gard.<\/p>\t\t\t\t\t\t\t\t<\/div>\n\t\t\t\t<\/div>\n\t\t\t\t\t<\/div>\n\t\t\t\t<\/div>\n\t\t<div class=\"elementor-element elementor-element-5150fc6b e-flex e-con-boxed e-con e-parent\" data-id=\"5150fc6b\" data-element_type=\"container\" data-e-type=\"container\">\n\t\t\t\t\t<div class=\"e-con-inner\">\n\t\t\t\t<div class=\"elementor-element elementor-element-26dafde1 elementor-posts__hover-none elementor-grid-3 elementor-grid-tablet-2 elementor-grid-mobile-1 elementor-posts--thumbnail-top elementor-widget elementor-widget-posts\" data-id=\"26dafde1\" data-element_type=\"widget\" data-e-type=\"widget\" data-settings=\"{&quot;cards_row_gap&quot;:{&quot;unit&quot;:&quot;px&quot;,&quot;size&quot;:80,&quot;sizes&quot;:[]},&quot;cards_row_gap_tablet&quot;:{&quot;unit&quot;:&quot;px&quot;,&quot;size&quot;:71,&quot;sizes&quot;:[]},&quot;cards_row_gap_mobile&quot;:{&quot;unit&quot;:&quot;px&quot;,&quot;size&quot;:30,&quot;sizes&quot;:[]},&quot;cards_columns&quot;:&quot;3&quot;,&quot;cards_columns_tablet&quot;:&quot;2&quot;,&quot;cards_columns_mobile&quot;:&quot;1&quot;}\" data-widget_type=\"posts.cards\">\n\t\t\t\t<div class=\"elementor-widget-container\">\n\t\t\t\t\t\t\t<div class=\"elementor-posts-container elementor-posts elementor-posts--skin-cards elementor-grid\" role=\"list\">\n\t\t\t\t<article class=\"elementor-post elementor-grid-item post-1970 post type-post status-publish format-standard has-post-thumbnail hentry category-uncategorized\" role=\"listitem\">\n\t\t\t<div class=\"elementor-post__card\">\n\t\t\t\t<a class=\"elementor-post__thumbnail__link\" href=\"https:\/\/padelperformancecenter.com\/parcpraden\/les-24h-du-padel-special-telethon-un-defi-collectif-que-vous-raconterez-toute-votre-vie\/\" tabindex=\"-1\" ><div class=\"elementor-post__thumbnail\"><img alt=\"\" fetchpriority=\"high\" decoding=\"async\" width=\"1476\" height=\"768\" src=\"https:\/\/padelperformancecenter.com\/parcpraden\/wp-content\/uploads\/2025\/12\/Header-telethon_resultat.webp\" class=\"attachment-full size-full wp-image-1973\" alt=\"\" srcset=\"https:\/\/padelperformancecenter.com\/parcpraden\/wp-content\/uploads\/2025\/12\/Header-telethon_resultat.webp 1476w, https:\/\/padelperformancecenter.com\/parcpraden\/wp-content\/uploads\/2025\/12\/Header-telethon_resultat-300x156.webp 300w, https:\/\/padelperformancecenter.com\/parcpraden\/wp-content\/uploads\/2025\/12\/Header-telethon_resultat-1024x533.webp 1024w, https:\/\/padelperformancecenter.com\/parcpraden\/wp-content\/uploads\/2025\/12\/Header-telethon_resultat-768x400.webp 768w\" sizes=\"(max-width: 1476px) 100vw, 1476px\" \/><\/div><\/a>\n\t\t\t\t<div class=\"elementor-post__text\">\n\t\t\t\t<h2 class=\"elementor-post__title\">\n\t\t\t<a href=\"https:\/\/padelperformancecenter.com\/parcpraden\/les-24h-du-padel-special-telethon-un-defi-collectif-que-vous-raconterez-toute-votre-vie\/\" >\n\t\t\t\tLes 24H du Padel \u2013 Sp\u00e9cial T\u00e9l\u00e9thon : un d\u00e9fi collectif que vous raconterez toute votre vie\t\t\t<\/a>\n\t\t<\/h2>\n\t\t\n\t\t<a class=\"elementor-post__read-more\" href=\"https:\/\/padelperformancecenter.com\/parcpraden\/les-24h-du-padel-special-telethon-un-defi-collectif-que-vous-raconterez-toute-votre-vie\/\" aria-label=\"En savoir plus sur Les 24H du Padel \u2013 Sp\u00e9cial T\u00e9l\u00e9thon : un d\u00e9fi collectif que vous raconterez toute votre vie\" tabindex=\"-1\" >\n\t\t\tVoir plus\t\t<\/a>\n\n\t\t\t\t<\/div>\n\t\t\t\t\t<\/div>\n\t\t<\/article>\n\t\t\t\t<article class=\"elementor-post elementor-grid-item post-1689 post type-post status-publish format-standard has-post-thumbnail hentry category-uncategorized\" role=\"listitem\">\n\t\t\t<div class=\"elementor-post__card\">\n\t\t\t\t<a class=\"elementor-post__thumbnail__link\" href=\"https:\/\/padelperformancecenter.com\/parcpraden\/top-5-des-meilleurs-joueurs-de-padel-du-monde-en-2025\/\" tabindex=\"-1\" ><div class=\"elementor-post__thumbnail\"><img alt=\"\" decoding=\"async\" width=\"1440\" height=\"915\" src=\"https:\/\/padelperformancecenter.com\/parcpraden\/wp-content\/uploads\/2025\/10\/Header-article_resultat.webp\" class=\"attachment-full size-full wp-image-1708\" alt=\"\" srcset=\"https:\/\/padelperformancecenter.com\/parcpraden\/wp-content\/uploads\/2025\/10\/Header-article_resultat.webp 1440w, https:\/\/padelperformancecenter.com\/parcpraden\/wp-content\/uploads\/2025\/10\/Header-article_resultat-300x191.webp 300w, https:\/\/padelperformancecenter.com\/parcpraden\/wp-content\/uploads\/2025\/10\/Header-article_resultat-1024x651.webp 1024w, https:\/\/padelperformancecenter.com\/parcpraden\/wp-content\/uploads\/2025\/10\/Header-article_resultat-768x488.webp 768w\" sizes=\"(max-width: 1440px) 100vw, 1440px\" \/><\/div><\/a>\n\t\t\t\t<div class=\"elementor-post__text\">\n\t\t\t\t<h2 class=\"elementor-post__title\">\n\t\t\t<a href=\"https:\/\/padelperformancecenter.com\/parcpraden\/top-5-des-meilleurs-joueurs-de-padel-du-monde-en-2025\/\" >\n\t\t\t\tTop 5 des meilleurs joueurs de padel du monde en 2025\t\t\t<\/a>\n\t\t<\/h2>\n\t\t\n\t\t<a class=\"elementor-post__read-more\" href=\"https:\/\/padelperformancecenter.com\/parcpraden\/top-5-des-meilleurs-joueurs-de-padel-du-monde-en-2025\/\" aria-label=\"En savoir plus sur Top 5 des meilleurs joueurs de padel du monde en 2025\" tabindex=\"-1\" >\n\t\t\tVoir plus\t\t<\/a>\n\n\t\t\t\t<\/div>\n\t\t\t\t\t<\/div>\n\t\t<\/article>\n\t\t\t\t<\/div>\n\t\t\n\t\t\t\t\t\t<\/div>\n\t\t\t\t<\/div>\n\t\t\t\t\t<\/div>\n\t\t\t\t<\/div>\n\t\t\t\t<\/div>\n\t\t","protected":false},"excerpt":{"rendered":"<p>L\u2019actualit\u00e9<\/p>\n","protected":false},"author":1,"featured_media":0,"parent":0,"menu_order":0,"comment_status":"closed","ping_status":"closed","template":"","meta":{"_seopress_robots_primary_cat":"","_seopress_titles_title":"Actualit\u00e9s padel N\u00eemes | Blog du Padel Performance Parc Praden","_seopress_titles_desc":"Suivez toute l\u2019actualit\u00e9 du padel \u00e0 N\u00eemes : tournois, conseils, stages et vie du club au Padel Performance Parc Praden. Le padel passion, \u00e0 deux pas de N\u00eemes !","_seopress_robots_index":"","footnotes":""},"class_list":["post-1836","page","type-page","status-publish","hentry"],"_links":{"self":[{"href":"https:\/\/padelperformancecenter.com\/parcpraden\/wp-json\/wp\/v2\/pages\/1836","targetHints":{"allow":["GET"]}}],"collection":[{"href":"https:\/\/padelperformancecenter.com\/parcpraden\/wp-json\/wp\/v2\/pages"}],"about":[{"href":"https:\/\/padelperformancecenter.com\/parcpraden\/wp-json\/wp\/v2\/types\/page"}],"author":[{"embeddable":true,"href":"https:\/\/padelperformancecenter.com\/parcpraden\/wp-json\/wp\/v2\/users\/1"}],"replies":[{"embeddable":true,"href":"https:\/\/padelperformancecenter.com\/parcpraden\/wp-json\/wp\/v2\/comments?post=1836"}],"version-history":[{"count":29,"href":"https:\/\/padelperformancecenter.com\/parcpraden\/wp-json\/wp\/v2\/pages\/1836\/revisions"}],"predecessor-version":[{"id":1872,"href":"https:\/\/padelperformancecenter.com\/parcpraden\/wp-json\/wp\/v2\/pages\/1836\/revisions\/1872"}],"wp:attachment":[{"href":"https:\/\/padelperformancecenter.com\/parcpraden\/wp-json\/wp\/v2\/media?parent=1836"}],"curies":[{"name":"wp","href":"https:\/\/api.w.org\/{rel}","templated":true}]}}