{"id":1186,"date":"2025-07-31T14:34:08","date_gmt":"2025-07-31T14:34:08","guid":{"rendered":"https:\/\/padelperformancecenter.com\/parcpraden\/?page_id=1186"},"modified":"2025-09-09T14:38:25","modified_gmt":"2025-09-09T14:38:25","slug":"planning-horaires-parc-praden-marguerittes","status":"publish","type":"page","link":"https:\/\/padelperformancecenter.com\/parcpraden\/planning-horaires-parc-praden-marguerittes\/","title":{"rendered":"Planning &amp; horaires Parc Praden"},"content":{"rendered":"\t\t<div data-elementor-type=\"wp-page\" data-elementor-id=\"1186\" class=\"elementor elementor-1186\" data-elementor-post-type=\"page\">\n\t\t\t\t\t\t<div class=\"elementor-element elementor-element-3c8af8c e-con e-atomic-element e-div-block-base page-wrapper\" data-id=\"3c8af8c\" data-element_type=\"e-div-block\" data-e-type=\"e-div-block\" data-interaction-id=\"3c8af8c\" data-e-type=\"e-div-block\" data-id=\"3c8af8c\">\n\t\t\t\t<div class=\"elementor-element elementor-element-477b853 e-con e-atomic-element e-div-block-base main-wrapper\" data-id=\"477b853\" data-element_type=\"e-div-block\" data-e-type=\"e-div-block\" data-interaction-id=\"477b853\" data-e-type=\"e-div-block\" data-id=\"477b853\">\n\t\t\t\t<div class=\"elementor-element elementor-element-4eaf22f e-con e-atomic-element e-div-block-base background-noir e-4eaf22f-e0ba151\" data-id=\"4eaf22f\" data-element_type=\"e-div-block\" data-e-type=\"e-div-block\" data-interaction-id=\"4eaf22f\" data-e-type=\"e-div-block\" data-id=\"4eaf22f\">\n\t\t\t\t<div class=\"elementor-element elementor-element-e029bb8 e-con e-atomic-element e-div-block-base padding-global\" data-id=\"e029bb8\" data-element_type=\"e-div-block\" data-e-type=\"e-div-block\" data-interaction-id=\"e029bb8\" data-e-type=\"e-div-block\" data-id=\"e029bb8\">\n\t\t\t\t<div class=\"elementor-element elementor-element-d9381b8 e-con e-atomic-element e-div-block-base container-medium\" data-id=\"d9381b8\" data-element_type=\"e-div-block\" data-e-type=\"e-div-block\" data-interaction-id=\"d9381b8\" data-e-type=\"e-div-block\" data-id=\"d9381b8\">\n\t\t\t\t<div class=\"elementor-element elementor-element-be5b49b e-con e-atomic-element e-div-block-base e-be5b49b-0ec65c8\" data-id=\"be5b49b\" data-element_type=\"e-div-block\" data-e-type=\"e-div-block\" data-interaction-id=\"be5b49b\" data-e-type=\"e-div-block\" data-id=\"be5b49b\">\n\t\t\t\t<div class=\"elementor-element elementor-element-30c6136 elementor-widget elementor-widget-heading\" data-id=\"30c6136\" data-element_type=\"widget\" data-e-type=\"widget\" data-widget_type=\"heading.default\">\n\t\t\t\t<div class=\"elementor-widget-container\">\n\t\t\t\t\t<h1 class=\"elementor-heading-title elementor-size-default\">Planning &amp; horaires <br><span style=\"color: #E6FB61\">\ndes cours &amp; tournoi de padel<\/h1>\t\t\t\t<\/div>\n\t\t\t\t<\/div>\n\t\t\t\t<div class=\"elementor-element elementor-element-7b7c91e elementor-widget elementor-widget-text-editor\" data-id=\"7b7c91e\" data-element_type=\"widget\" data-e-type=\"widget\" data-widget_type=\"text-editor.default\">\n\t\t\t\t<div class=\"elementor-widget-container\">\n\t\t\t\t\t\t\t\t\t<p><span style=\"white-space-collapse: preserve;\">Trouvez le cr\u00e9neau qui vous correspond. \u2028<br \/>D\u00e9couvrez tous nos horaires de cours collectifs, stages et entra\u00eenements \u00e0 Marguerittes.<\/span><\/p>\t\t\t\t\t\t\t\t<\/div>\n\t\t\t\t<\/div>\n\t\t\t\t<\/div>\n\t\t\t\t<\/div>\n\t\t\t\t<\/div>\n\t\t\t\t<\/div>\n\t\t\t\t<div class=\"elementor-element elementor-element-4ba683c elementor-absolute elementor-widget elementor-widget-menu-anchor\" data-id=\"4ba683c\" data-element_type=\"widget\" data-e-type=\"widget\" data-settings=\"{&quot;_position&quot;:&quot;absolute&quot;}\" data-widget_type=\"menu-anchor.default\">\n\t\t\t\t<div class=\"elementor-widget-container\">\n\t\t\t\t\t\t\t<div class=\"elementor-menu-anchor\" id=\"planning\"><\/div>\n\t\t\t\t\t\t<\/div>\n\t\t\t\t<\/div>\n\t\t\t\t<div class=\"elementor-element elementor-element-dac7957 e-con e-atomic-element e-div-block-base section e-dac7957-e1f3c53\" data-id=\"dac7957\" data-element_type=\"e-div-block\" data-e-type=\"e-div-block\" data-interaction-id=\"dac7957\" data-e-type=\"e-div-block\" data-id=\"dac7957\">\n\t\t\t\t<div class=\"elementor-element elementor-element-8b556e9 e-con e-atomic-element e-div-block-base padding-global\" data-id=\"8b556e9\" data-element_type=\"e-div-block\" data-e-type=\"e-div-block\" data-interaction-id=\"8b556e9\" data-e-type=\"e-div-block\" data-id=\"8b556e9\">\n\t\t\t\t<div class=\"elementor-element elementor-element-39e154d e-con e-atomic-element e-div-block-base container-medium\" data-id=\"39e154d\" data-element_type=\"e-div-block\" data-e-type=\"e-div-block\" data-interaction-id=\"39e154d\" data-e-type=\"e-div-block\" data-id=\"39e154d\">\n\t\t\t\t<div class=\"elementor-element elementor-element-b7cb2c0 e-con e-atomic-element e-div-block-base e-b7cb2c0-89189e6\" data-id=\"b7cb2c0\" data-element_type=\"e-div-block\" data-e-type=\"e-div-block\" data-interaction-id=\"b7cb2c0\" data-e-type=\"e-div-block\" data-id=\"b7cb2c0\">\n\t\t\t\t<div class=\"elementor-element elementor-element-84906a1 e-con e-atomic-element e-div-block-base e-84906a1-f2b2870\" data-id=\"84906a1\" data-element_type=\"e-div-block\" data-e-type=\"e-div-block\" data-interaction-id=\"84906a1\" data-e-type=\"e-div-block\" data-id=\"84906a1\">\n\t\t\t\t<div class=\"elementor-element elementor-element-4939acf elementor-widget__width-initial elementor-widget elementor-widget-heading\" data-id=\"4939acf\" data-element_type=\"widget\" data-e-type=\"widget\" data-widget_type=\"heading.default\">\n\t\t\t\t<div class=\"elementor-widget-container\">\n\t\t\t\t\t<h2 class=\"elementor-heading-title elementor-size-default\"><span style=\"color: #1A1A1A\">  Planning de <\/span><span style=\"color: #0063B2\">Parc Praden<\/span><\/h2>\t\t\t\t<\/div>\n\t\t\t\t<\/div>\n\t\t\t\t<\/div>\n\t\t\t\t<div class=\"elementor-element elementor-element-74fecda elementor-widget__width-inherit elementor-widget elementor-widget-image\" data-id=\"74fecda\" data-element_type=\"widget\" data-e-type=\"widget\" data-widget_type=\"image.default\">\n\t\t\t\t<div class=\"elementor-widget-container\">\n\t\t\t\t\t\t\t\t\t\t\t\t\t\t\t\t<a href=\"https:\/\/padelperformancecenter.com\/parcpraden\/wp-content\/uploads\/2025\/08\/1Fichier-27.png\" data-elementor-open-lightbox=\"yes\" data-elementor-lightbox-title=\"1Fichier 27\" data-e-action-hash=\"#elementor-action%3Aaction%3Dlightbox%26settings%3DeyJpZCI6MTM1NCwidXJsIjoiaHR0cHM6XC9cL3BhZGVscGVyZm9ybWFuY2VjZW50ZXIuY29tXC9wYXJjcHJhZGVuXC93cC1jb250ZW50XC91cGxvYWRzXC8yMDI1XC8wOFwvMUZpY2hpZXItMjcucG5nIn0%3D\">\n\t\t\t\t\t\t\t<img alt=\"\" fetchpriority=\"high\" decoding=\"async\" width=\"2003\" height=\"826\" src=\"https:\/\/padelperformancecenter.com\/parcpraden\/wp-content\/uploads\/2025\/08\/1Fichier-27.png\" class=\"attachment-full size-full wp-image-1354\" alt=\"\" srcset=\"https:\/\/padelperformancecenter.com\/parcpraden\/wp-content\/uploads\/2025\/08\/1Fichier-27.png 2003w, https:\/\/padelperformancecenter.com\/parcpraden\/wp-content\/uploads\/2025\/08\/1Fichier-27-300x124.png 300w, https:\/\/padelperformancecenter.com\/parcpraden\/wp-content\/uploads\/2025\/08\/1Fichier-27-1024x422.png 1024w, https:\/\/padelperformancecenter.com\/parcpraden\/wp-content\/uploads\/2025\/08\/1Fichier-27-768x317.png 768w, https:\/\/padelperformancecenter.com\/parcpraden\/wp-content\/uploads\/2025\/08\/1Fichier-27-1536x633.png 1536w\" sizes=\"(max-width: 2003px) 100vw, 2003px\" \/>\t\t\t\t\t\t\t\t<\/a>\n\t\t\t\t\t\t\t\t\t\t\t\t\t\t\t<\/div>\n\t\t\t\t<\/div>\n\t\t\t\t<\/div>\n\t\t\t\t<\/div>\n\t\t\t\t<\/div>\n\t\t\t\t<\/div>\n\t\t\t\t<div class=\"elementor-element elementor-element-84f43f6 e-con e-atomic-element e-div-block-base section e-84f43f6-7a338ed background-bleu-clair\" data-id=\"84f43f6\" data-element_type=\"e-div-block\" data-e-type=\"e-div-block\" data-interaction-id=\"84f43f6\" data-e-type=\"e-div-block\" data-id=\"84f43f6\">\n\t\t\t\t<div class=\"elementor-element elementor-element-9a5143f elementor-absolute elementor-widget elementor-widget-menu-anchor\" data-id=\"9a5143f\" data-element_type=\"widget\" data-e-type=\"widget\" data-settings=\"{&quot;_position&quot;:&quot;absolute&quot;}\" data-widget_type=\"menu-anchor.default\">\n\t\t\t\t<div class=\"elementor-widget-container\">\n\t\t\t\t\t\t\t<div class=\"elementor-menu-anchor\" id=\"tarifs\"><\/div>\n\t\t\t\t\t\t<\/div>\n\t\t\t\t<\/div>\n\t\t\t\t<div class=\"elementor-element elementor-element-29f01db e-con e-atomic-element e-div-block-base padding-global\" data-id=\"29f01db\" data-element_type=\"e-div-block\" data-e-type=\"e-div-block\" data-interaction-id=\"29f01db\" data-e-type=\"e-div-block\" data-id=\"29f01db\">\n\t\t\t\t<div class=\"elementor-element elementor-element-573995f e-con e-atomic-element e-div-block-base container-medium\" data-id=\"573995f\" data-element_type=\"e-div-block\" data-e-type=\"e-div-block\" data-interaction-id=\"573995f\" data-e-type=\"e-div-block\" data-id=\"573995f\">\n\t\t\t\t<div class=\"elementor-element elementor-element-0519c4f e-con e-atomic-element e-div-block-base e-0519c4f-9574c19\" data-id=\"0519c4f\" data-element_type=\"e-div-block\" data-e-type=\"e-div-block\" data-interaction-id=\"0519c4f\" data-e-type=\"e-div-block\" data-id=\"0519c4f\">\n\t\t\t\t<div class=\"elementor-element elementor-element-7730964 e-con e-atomic-element e-div-block-base e-7730964-828531a\" data-id=\"7730964\" data-element_type=\"e-div-block\" data-e-type=\"e-div-block\" data-interaction-id=\"7730964\" data-e-type=\"e-div-block\" data-id=\"7730964\">\n\t\t\t\t<div class=\"elementor-element elementor-element-9b9c89d elementor-widget__width-initial elementor-widget elementor-widget-heading\" data-id=\"9b9c89d\" data-element_type=\"widget\" data-e-type=\"widget\" data-widget_type=\"heading.default\">\n\t\t\t\t<div class=\"elementor-widget-container\">\n\t\t\t\t\t<h2 class=\"elementor-heading-title elementor-size-default\"><span style=\"color: #0063B2\">Tarifs<\/span><span style=\"color: #1A1A1A\"> &amp; horaires<\/span><\/h2>\t\t\t\t<\/div>\n\t\t\t\t<\/div>\n\t\t\t\t<div class=\"elementor-element elementor-element-a9e60e8 elementor-widget__width-initial elementor-widget elementor-widget-heading\" data-id=\"a9e60e8\" data-element_type=\"widget\" data-e-type=\"widget\" data-widget_type=\"heading.default\">\n\t\t\t\t<div class=\"elementor-widget-container\">\n\t\t\t\t\t<p class=\"elementor-heading-title elementor-size-default\">D\u00e9couvre tous nos tarifs, formules et horaires d\u2019ouverture.<\/p>\t\t\t\t<\/div>\n\t\t\t\t<\/div>\n\t\t\t\t<\/div>\n\t\t<div class=\"elementor-element elementor-element-a6cdc92 e-con-full e-grid animated-slow elementor-invisible e-con e-child\" data-id=\"a6cdc92\" data-element_type=\"container\" data-e-type=\"container\" data-settings=\"{&quot;animation&quot;:&quot;fadeIn&quot;,&quot;animation_delay&quot;:50}\">\n\t\t<div class=\"elementor-element elementor-element-651f0ed e-con-full e-flex e-con e-child\" data-id=\"651f0ed\" data-element_type=\"container\" data-e-type=\"container\" data-settings=\"{&quot;background_background&quot;:&quot;classic&quot;}\">\n\t\t\t\t<div class=\"elementor-element elementor-element-5c50dd3 elementor-widget__width-initial elementor-widget elementor-widget-heading\" data-id=\"5c50dd3\" data-element_type=\"widget\" data-e-type=\"widget\" data-widget_type=\"heading.default\">\n\t\t\t\t<div class=\"elementor-widget-container\">\n\t\t\t\t\t<h3 class=\"elementor-heading-title elementor-size-default\">Location de terrain Padel<\/h3>\t\t\t\t<\/div>\n\t\t\t\t<\/div>\n\t\t<div class=\"elementor-element elementor-element-c84537e e-con-full e-flex e-con e-child\" data-id=\"c84537e\" data-element_type=\"container\" data-e-type=\"container\">\n\t\t\t\t<div class=\"elementor-element elementor-element-e715fce elementor-widget__width-initial elementor-widget elementor-widget-heading\" data-id=\"e715fce\" data-element_type=\"widget\" data-e-type=\"widget\" data-widget_type=\"heading.default\">\n\t\t\t\t<div class=\"elementor-widget-container\">\n\t\t\t\t\t<div class=\"elementor-heading-title elementor-size-default\">10\u20ac<\/div>\t\t\t\t<\/div>\n\t\t\t\t<\/div>\n\t\t\t\t<div class=\"elementor-element elementor-element-410da2d elementor-widget__width-initial elementor-widget elementor-widget-heading\" data-id=\"410da2d\" data-element_type=\"widget\" data-e-type=\"widget\" data-widget_type=\"heading.default\">\n\t\t\t\t<div class=\"elementor-widget-container\">\n\t\t\t\t\t<div class=\"elementor-heading-title elementor-size-default\">Par joueur<\/div>\t\t\t\t<\/div>\n\t\t\t\t<\/div>\n\t\t\t\t<\/div>\n\t\t<div class=\"elementor-element elementor-element-bc0915e e-con-full e-flex e-con e-child\" data-id=\"bc0915e\" data-element_type=\"container\" data-e-type=\"container\">\n\t\t\t\t<div class=\"elementor-element elementor-element-b50f45f elementor-widget__width-initial elementor-widget elementor-widget-heading\" data-id=\"b50f45f\" data-element_type=\"widget\" data-e-type=\"widget\" data-widget_type=\"heading.default\">\n\t\t\t\t<div class=\"elementor-widget-container\">\n\t\t\t\t\t<div class=\"elementor-heading-title elementor-size-default\">De 9h \u00e0 23h00<\/div>\t\t\t\t<\/div>\n\t\t\t\t<\/div>\n\t\t\t\t<div class=\"elementor-element elementor-element-8251cd1 elementor-widget__width-initial elementor-widget elementor-widget-heading\" data-id=\"8251cd1\" data-element_type=\"widget\" data-e-type=\"widget\" data-widget_type=\"heading.default\">\n\t\t\t\t<div class=\"elementor-widget-container\">\n\t\t\t\t\t<div class=\"elementor-heading-title elementor-size-default\">Ouvert 7 jours sur 7<\/div>\t\t\t\t<\/div>\n\t\t\t\t<\/div>\n\t\t\t\t<\/div>\n\t\t\t\t<div class=\"elementor-element elementor-element-6f42a0b elementor-align-justify elementor-widget__width-inherit bouton-noir elementor-widget elementor-widget-button\" data-id=\"6f42a0b\" data-element_type=\"widget\" data-e-type=\"widget\" data-widget_type=\"button.default\">\n\t\t\t\t<div class=\"elementor-widget-container\">\n\t\t\t\t\t\t\t\t\t<div class=\"elementor-button-wrapper\">\n\t\t\t\t\t<a class=\"elementor-button elementor-button-link elementor-size-sm elementor-animation-float\" href=\"#elementor-action%3Aaction%3Dpopup%3Aopen%26settings%3DeyJpZCI6IjEzMCIsInRvZ2dsZSI6ZmFsc2V9\">\n\t\t\t\t\t\t<span class=\"elementor-button-content-wrapper\">\n\t\t\t\t\t\t\t\t\t<span class=\"elementor-button-text\">R\u00e9server<\/span>\n\t\t\t\t\t<\/span>\n\t\t\t\t\t<\/a>\n\t\t\t\t<\/div>\n\t\t\t\t\t\t\t\t<\/div>\n\t\t\t\t<\/div>\n\t\t\t\t<\/div>\n\t\t<div class=\"elementor-element elementor-element-da65686 e-con-full e-flex e-con e-child\" data-id=\"da65686\" data-element_type=\"container\" data-e-type=\"container\" data-settings=\"{&quot;background_background&quot;:&quot;classic&quot;}\">\n\t\t\t\t<div class=\"elementor-element elementor-element-3ff9211 elementor-widget__width-initial elementor-widget elementor-widget-heading\" data-id=\"3ff9211\" data-element_type=\"widget\" data-e-type=\"widget\" data-widget_type=\"heading.default\">\n\t\t\t\t<div class=\"elementor-widget-container\">\n\t\t\t\t\t<h3 class=\"elementor-heading-title elementor-size-default\">Nos formules<\/h3>\t\t\t\t<\/div>\n\t\t\t\t<\/div>\n\t\t<div class=\"elementor-element elementor-element-65d3f10 e-con-full e-flex e-con e-child\" data-id=\"65d3f10\" data-element_type=\"container\" data-e-type=\"container\">\n\t\t\t\t<div class=\"elementor-element elementor-element-09ad3ca elementor-widget__width-initial elementor-widget elementor-widget-heading\" data-id=\"09ad3ca\" data-element_type=\"widget\" data-e-type=\"widget\" data-widget_type=\"heading.default\">\n\t\t\t\t<div class=\"elementor-widget-container\">\n\t\t\t\t\t<div class=\"elementor-heading-title elementor-size-default\">10 parties<\/div>\t\t\t\t<\/div>\n\t\t\t\t<\/div>\n\t\t\t\t<div class=\"elementor-element elementor-element-b99ab1a elementor-widget__width-initial elementor-widget elementor-widget-heading\" data-id=\"b99ab1a\" data-element_type=\"widget\" data-e-type=\"widget\" data-widget_type=\"heading.default\">\n\t\t\t\t<div class=\"elementor-widget-container\">\n\t\t\t\t\t<div class=\"elementor-heading-title elementor-size-default\"><span style=\"font-weight: normal\">+1 offerte \u2192 100\u202f\u20ac<\/span><\/div>\t\t\t\t<\/div>\n\t\t\t\t<\/div>\n\t\t\t\t<\/div>\n\t\t<div class=\"elementor-element elementor-element-d8fe86d e-con-full e-flex e-con e-child\" data-id=\"d8fe86d\" data-element_type=\"container\" data-e-type=\"container\">\n\t\t\t\t<div class=\"elementor-element elementor-element-d348716 elementor-widget__width-initial elementor-widget elementor-widget-heading\" data-id=\"d348716\" data-element_type=\"widget\" data-e-type=\"widget\" data-widget_type=\"heading.default\">\n\t\t\t\t<div class=\"elementor-widget-container\">\n\t\t\t\t\t<div class=\"elementor-heading-title elementor-size-default\">20 parties<\/div>\t\t\t\t<\/div>\n\t\t\t\t<\/div>\n\t\t\t\t<div class=\"elementor-element elementor-element-c59f0f9 elementor-widget__width-initial elementor-widget elementor-widget-heading\" data-id=\"c59f0f9\" data-element_type=\"widget\" data-e-type=\"widget\" data-widget_type=\"heading.default\">\n\t\t\t\t<div class=\"elementor-widget-container\">\n\t\t\t\t\t<div class=\"elementor-heading-title elementor-size-default\"><span style=\"font-weight: normal\">+ 3 offertes  \u2192 200\u202f\u20ac<\/span><\/div>\t\t\t\t<\/div>\n\t\t\t\t<\/div>\n\t\t\t\t<\/div>\n\t\t\t\t<div class=\"elementor-element elementor-element-cabff7b elementor-align-justify elementor-widget__width-inherit bouton-noir elementor-widget elementor-widget-button\" data-id=\"cabff7b\" data-element_type=\"widget\" data-e-type=\"widget\" data-widget_type=\"button.default\">\n\t\t\t\t<div class=\"elementor-widget-container\">\n\t\t\t\t\t\t\t\t\t<div class=\"elementor-button-wrapper\">\n\t\t\t\t\t<a class=\"elementor-button elementor-button-link elementor-size-sm elementor-animation-float\" href=\"#elementor-action%3Aaction%3Dpopup%3Aopen%26settings%3DeyJpZCI6IjEzMCIsInRvZ2dsZSI6ZmFsc2V9\">\n\t\t\t\t\t\t<span class=\"elementor-button-content-wrapper\">\n\t\t\t\t\t\t\t\t\t<span class=\"elementor-button-text\">R\u00e9server<\/span>\n\t\t\t\t\t<\/span>\n\t\t\t\t\t<\/a>\n\t\t\t\t<\/div>\n\t\t\t\t\t\t\t\t<\/div>\n\t\t\t\t<\/div>\n\t\t\t\t<\/div>\n\t\t<div class=\"elementor-element elementor-element-93c65f3 e-con-full e-flex e-con e-child\" data-id=\"93c65f3\" data-element_type=\"container\" data-e-type=\"container\" data-settings=\"{&quot;background_background&quot;:&quot;classic&quot;}\">\n\t\t\t\t<div class=\"elementor-element elementor-element-d1452b1 elementor-widget__width-initial elementor-widget elementor-widget-heading\" data-id=\"d1452b1\" data-element_type=\"widget\" data-e-type=\"widget\" data-widget_type=\"heading.default\">\n\t\t\t\t<div class=\"elementor-widget-container\">\n\t\t\t\t\t<h3 class=\"elementor-heading-title elementor-size-default\">Raquette &amp; balles<\/h3>\t\t\t\t<\/div>\n\t\t\t\t<\/div>\n\t\t<div class=\"elementor-element elementor-element-0f38e89 e-con-full e-flex e-con e-child\" data-id=\"0f38e89\" data-element_type=\"container\" data-e-type=\"container\">\n\t\t\t\t<div class=\"elementor-element elementor-element-a93e4ee elementor-widget__width-initial elementor-widget elementor-widget-heading\" data-id=\"a93e4ee\" data-element_type=\"widget\" data-e-type=\"widget\" data-widget_type=\"heading.default\">\n\t\t\t\t<div class=\"elementor-widget-container\">\n\t\t\t\t\t<div class=\"elementor-heading-title elementor-size-default\">Location raquette<\/div>\t\t\t\t<\/div>\n\t\t\t\t<\/div>\n\t\t\t\t<div class=\"elementor-element elementor-element-b1e8b42 elementor-widget__width-initial elementor-widget elementor-widget-heading\" data-id=\"b1e8b42\" data-element_type=\"widget\" data-e-type=\"widget\" data-widget_type=\"heading.default\">\n\t\t\t\t<div class=\"elementor-widget-container\">\n\t\t\t\t\t<div class=\"elementor-heading-title elementor-size-default\"><span style=\"font-weight: normal\">3\u20ac<\/span><\/div>\t\t\t\t<\/div>\n\t\t\t\t<\/div>\n\t\t\t\t<\/div>\n\t\t<div class=\"elementor-element elementor-element-478762b e-con-full e-flex e-con e-child\" data-id=\"478762b\" data-element_type=\"container\" data-e-type=\"container\">\n\t\t\t\t<div class=\"elementor-element elementor-element-4ac4f97 elementor-widget__width-initial elementor-widget elementor-widget-heading\" data-id=\"4ac4f97\" data-element_type=\"widget\" data-e-type=\"widget\" data-widget_type=\"heading.default\">\n\t\t\t\t<div class=\"elementor-widget-container\">\n\t\t\t\t\t<div class=\"elementor-heading-title elementor-size-default\">Achat bo\u00eete de balles<\/div>\t\t\t\t<\/div>\n\t\t\t\t<\/div>\n\t\t\t\t<div class=\"elementor-element elementor-element-caa0df8 elementor-widget__width-initial elementor-widget elementor-widget-heading\" data-id=\"caa0df8\" data-element_type=\"widget\" data-e-type=\"widget\" data-widget_type=\"heading.default\">\n\t\t\t\t<div class=\"elementor-widget-container\">\n\t\t\t\t\t<div class=\"elementor-heading-title elementor-size-default\"><span style=\"font-weight: 400\">7\u20ac<\/span><\/div>\t\t\t\t<\/div>\n\t\t\t\t<\/div>\n\t\t\t\t<\/div>\n\t\t\t\t<div class=\"elementor-element elementor-element-d858d6b elementor-align-justify elementor-widget__width-inherit bouton-noir elementor-widget elementor-widget-button\" data-id=\"d858d6b\" data-element_type=\"widget\" data-e-type=\"widget\" data-widget_type=\"button.default\">\n\t\t\t\t<div class=\"elementor-widget-container\">\n\t\t\t\t\t\t\t\t\t<div class=\"elementor-button-wrapper\">\n\t\t\t\t\t<a class=\"elementor-button elementor-button-link elementor-size-sm elementor-animation-float\" href=\"#elementor-action%3Aaction%3Dpopup%3Aopen%26settings%3DeyJpZCI6IjEzMCIsInRvZ2dsZSI6ZmFsc2V9\">\n\t\t\t\t\t\t<span class=\"elementor-button-content-wrapper\">\n\t\t\t\t\t\t\t\t\t<span class=\"elementor-button-text\">R\u00e9server<\/span>\n\t\t\t\t\t<\/span>\n\t\t\t\t\t<\/a>\n\t\t\t\t<\/div>\n\t\t\t\t\t\t\t\t<\/div>\n\t\t\t\t<\/div>\n\t\t\t\t<\/div>\n\t\t\t\t<\/div>\n\t\t\t\t<\/div>\n\t\t\t\t<\/div>\n\t\t\t\t<\/div>\n\t\t\t\t<\/div>\n\t\t\t\t<\/div>\n\t\t\t\t<\/div>\n\t\t\t\t<\/div>\n\t\t","protected":false},"excerpt":{"rendered":"<p>Planning &amp; horaires des cours &amp; tournoi de padel Trouvez le cr\u00e9neau qui vous correspond. \u2028D\u00e9couvrez tous nos horaires de cours collectifs, stages et entra\u00eenements \u00e0 Marguerittes. Planning de Parc Praden Tarifs &amp; horaires D\u00e9couvre tous nos tarifs, formules et horaires d\u2019ouverture. Location de terrain Padel 10\u20ac Par joueur De 9h \u00e0 23h00 Ouvert 7 [&hellip;]<\/p>\n","protected":false},"author":1,"featured_media":0,"parent":0,"menu_order":0,"comment_status":"closed","ping_status":"closed","template":"elementor_header_footer","meta":{"_seopress_robots_primary_cat":"","_seopress_titles_title":"Planning & horaires padel \u00e0 Marguerittes, pr\u00e8s de N\u00eemes | Padel Performance Center","_seopress_titles_desc":"Consultez le planning des cours, stages et tournois de padel \u00e0 Marguerittes, pr\u00e8s de N\u00eemes. Adultes, enfants et comp\u00e9titeurs. R\u00e9servation rapide en ligne ou via l\u2019app.","_seopress_robots_index":"","footnotes":""},"class_list":["post-1186","page","type-page","status-publish","hentry"],"_links":{"self":[{"href":"https:\/\/padelperformancecenter.com\/parcpraden\/wp-json\/wp\/v2\/pages\/1186","targetHints":{"allow":["GET"]}}],"collection":[{"href":"https:\/\/padelperformancecenter.com\/parcpraden\/wp-json\/wp\/v2\/pages"}],"about":[{"href":"https:\/\/padelperformancecenter.com\/parcpraden\/wp-json\/wp\/v2\/types\/page"}],"author":[{"embeddable":true,"href":"https:\/\/padelperformancecenter.com\/parcpraden\/wp-json\/wp\/v2\/users\/1"}],"replies":[{"embeddable":true,"href":"https:\/\/padelperformancecenter.com\/parcpraden\/wp-json\/wp\/v2\/comments?post=1186"}],"version-history":[{"count":64,"href":"https:\/\/padelperformancecenter.com\/parcpraden\/wp-json\/wp\/v2\/pages\/1186\/revisions"}],"predecessor-version":[{"id":1635,"href":"https:\/\/padelperformancecenter.com\/parcpraden\/wp-json\/wp\/v2\/pages\/1186\/revisions\/1635"}],"wp:attachment":[{"href":"https:\/\/padelperformancecenter.com\/parcpraden\/wp-json\/wp\/v2\/media?parent=1186"}],"curies":[{"name":"wp","href":"https:\/\/api.w.org\/{rel}","templated":true}]}}